{"id":31,"date":"2017-05-18T14:43:57","date_gmt":"2017-05-18T14:43:57","guid":{"rendered":"http:\/\/themes.uxbarn.com\/wp\/darren-dummy\/?page_id=31"},"modified":"2020-05-04T13:41:38","modified_gmt":"2020-05-04T11:41:38","slug":"contact","status":"publish","type":"page","link":"https:\/\/michalhejna.cz\/blog\/contact\/","title":{"rendered":"Contact"},"content":{"rendered":"<p>Please send me a message using the form below or directly by e-mail. Thank you!<\/p>\n<p>Po\u0161lete mi pros\u00edm zpr\u00e1vu skrze formul\u00e1\u0159 nebo p\u0159\u00edmo kliknut\u00edm na e-mail. D\u011bkuji!<\/p>\n<p><strong>Email:<\/strong> <a href=\"mailto:hejna.michal@gmail.com\">hejna.michal@gmail.com<\/a><\/p>\n<hr \/>\n\n<div class=\"wpcf7 no-js\" id=\"wpcf7-f33-o1\" lang=\"en-US\" dir=\"ltr\" data-wpcf7-id=\"33\">\n<div class=\"screen-reader-response\"><p role=\"status\" aria-live=\"polite\" aria-atomic=\"true\"><\/p> <ul><\/ul><\/div>\n<form action=\"\/blog\/wp-json\/wp\/v2\/pages\/31#wpcf7-f33-o1\" method=\"post\" class=\"wpcf7-form init\" aria-label=\"Contact form\" novalidate=\"novalidate\" data-status=\"init\">\n<fieldset class=\"hidden-fields-container\"><input type=\"hidden\" name=\"_wpcf7\" value=\"33\" \/><input type=\"hidden\" name=\"_wpcf7_version\" value=\"6.1.1\" \/><input type=\"hidden\" name=\"_wpcf7_locale\" value=\"en_US\" \/><input type=\"hidden\" name=\"_wpcf7_unit_tag\" value=\"wpcf7-f33-o1\" \/><input type=\"hidden\" name=\"_wpcf7_container_post\" value=\"0\" \/><input type=\"hidden\" name=\"_wpcf7_posted_data_hash\" value=\"\" \/>\n<\/fieldset>\n<p><label> Your Name (required)<br \/>\n<span class=\"wpcf7-form-control-wrap\" data-name=\"your-name\"><input size=\"40\" maxlength=\"400\" class=\"wpcf7-form-control wpcf7-text wpcf7-validates-as-required\" aria-required=\"true\" aria-invalid=\"false\" value=\"\" type=\"text\" name=\"your-name\" \/><\/span> <\/label>\n<\/p>\n<p><label> Your Email (required)<br \/>\n<span class=\"wpcf7-form-control-wrap\" data-name=\"your-email\"><input size=\"40\" maxlength=\"400\" class=\"wpcf7-form-control wpcf7-email wpcf7-validates-as-required wpcf7-text wpcf7-validates-as-email\" aria-required=\"true\" aria-invalid=\"false\" value=\"\" type=\"email\" name=\"your-email\" \/><\/span> <\/label>\n<\/p>\n<p><label> Subject<br \/>\n<span class=\"wpcf7-form-control-wrap\" data-name=\"your-subject\"><input size=\"40\" maxlength=\"400\" class=\"wpcf7-form-control wpcf7-text\" aria-invalid=\"false\" value=\"\" type=\"text\" name=\"your-subject\" \/><\/span> <\/label>\n<\/p>\n<p><label> Your Message<br \/>\n<span class=\"wpcf7-form-control-wrap\" data-name=\"your-message\"><textarea cols=\"40\" rows=\"10\" maxlength=\"2000\" class=\"wpcf7-form-control wpcf7-textarea\" aria-invalid=\"false\" name=\"your-message\"><\/textarea><\/span> <\/label>\n<\/p>\n<p><input class=\"wpcf7-form-control wpcf7-submit has-spinner\" type=\"submit\" value=\"Send\" \/>\n<\/p><input\n                    class=\"apbct_special_field apbct_email_id__wp_contact_form_7\"\n                    name=\"apbct__email_id__wp_contact_form_7\"\n                    aria-label=\"apbct__label_id__wp_contact_form_7\"\n                    type=\"text\" size=\"30\" maxlength=\"200\" autocomplete=\"off\"\n                    value=\"\"\n                \/><p style=\"display: none !important;\" class=\"akismet-fields-container\" data-prefix=\"_wpcf7_ak_\"><label>&#916;<textarea name=\"_wpcf7_ak_hp_textarea\" cols=\"45\" rows=\"8\" maxlength=\"100\"><\/textarea><\/label><input type=\"hidden\" id=\"ak_js_1\" name=\"_wpcf7_ak_js\" value=\"135\"\/><script>document.getElementById( \"ak_js_1\" ).setAttribute( \"value\", ( new Date() ).getTime() );<\/script><\/p><div class=\"wpcf7-response-output\" aria-hidden=\"true\"><\/div>\n<\/form>\n<\/div>\n\n","protected":false},"excerpt":{"rendered":"<p>Please send me a message using the form below or directly by e-mail. Thank you! Po\u0161lete mi pros\u00edm zpr\u00e1vu skrze formul\u00e1\u0159 nebo p\u0159\u00edmo kliknut\u00edm na e-mail. D\u011bkuji! Email: hejna.michal@gmail.com<\/p>\n","protected":false},"author":1,"featured_media":0,"parent":0,"menu_order":0,"comment_status":"closed","ping_status":"closed","template":"","meta":{"footnotes":""},"class_list":["post-31","page","type-page","status-publish","hentry"],"yoast_head":"<!-- This site is optimized with the Yoast SEO plugin v25.7 - https:\/\/yoast.com\/wordpress\/plugins\/seo\/ -->\n<title>Contact - Michal Hejna<\/title>\n<meta name=\"robots\" content=\"index, follow, max-snippet:-1, max-image-preview:large, max-video-preview:-1\" \/>\n<link rel=\"canonical\" href=\"https:\/\/michalhejna.cz\/blog\/contact\/\" \/>\n<meta property=\"og:locale\" content=\"cs_CZ\" \/>\n<meta property=\"og:type\" content=\"article\" \/>\n<meta property=\"og:title\" content=\"Contact - Michal Hejna\" \/>\n<meta property=\"og:description\" content=\"Please send me a message using the form below or directly by e-mail. Thank you! Po\u0161lete mi pros\u00edm zpr\u00e1vu skrze formul\u00e1\u0159 nebo p\u0159\u00edmo kliknut\u00edm na e-mail. D\u011bkuji! Email: hejna.michal@gmail.com\" \/>\n<meta property=\"og:url\" content=\"https:\/\/michalhejna.cz\/blog\/contact\/\" \/>\n<meta property=\"og:site_name\" content=\"Michal Hejna\" \/>\n<meta property=\"article:modified_time\" content=\"2020-05-04T11:41:38+00:00\" \/>\n<meta name=\"twitter:card\" content=\"summary_large_image\" \/>\n<script type=\"application\/ld+json\" class=\"yoast-schema-graph\">{\"@context\":\"https:\/\/schema.org\",\"@graph\":[{\"@type\":\"WebPage\",\"@id\":\"https:\/\/michalhejna.cz\/blog\/contact\/\",\"url\":\"https:\/\/michalhejna.cz\/blog\/contact\/\",\"name\":\"Contact - Michal Hejna\",\"isPartOf\":{\"@id\":\"https:\/\/michalhejna.cz\/blog\/#website\"},\"datePublished\":\"2017-05-18T14:43:57+00:00\",\"dateModified\":\"2020-05-04T11:41:38+00:00\",\"breadcrumb\":{\"@id\":\"https:\/\/michalhejna.cz\/blog\/contact\/#breadcrumb\"},\"inLanguage\":\"cs\",\"potentialAction\":[{\"@type\":\"ReadAction\",\"target\":[\"https:\/\/michalhejna.cz\/blog\/contact\/\"]}]},{\"@type\":\"BreadcrumbList\",\"@id\":\"https:\/\/michalhejna.cz\/blog\/contact\/#breadcrumb\",\"itemListElement\":[{\"@type\":\"ListItem\",\"position\":1,\"name\":\"Dom\u016f\",\"item\":\"https:\/\/michalhejna.cz\/blog\/\"},{\"@type\":\"ListItem\",\"position\":2,\"name\":\"Contact\"}]},{\"@type\":\"WebSite\",\"@id\":\"https:\/\/michalhejna.cz\/blog\/#website\",\"url\":\"https:\/\/michalhejna.cz\/blog\/\",\"name\":\"Michal Hejna\",\"description\":\"\",\"publisher\":{\"@id\":\"https:\/\/michalhejna.cz\/blog\/#\/schema\/person\/6d1d95e2413952dd3b1ce433f4d3013c\"},\"potentialAction\":[{\"@type\":\"SearchAction\",\"target\":{\"@type\":\"EntryPoint\",\"urlTemplate\":\"https:\/\/michalhejna.cz\/blog\/?s={search_term_string}\"},\"query-input\":{\"@type\":\"PropertyValueSpecification\",\"valueRequired\":true,\"valueName\":\"search_term_string\"}}],\"inLanguage\":\"cs\"},{\"@type\":[\"Person\",\"Organization\"],\"@id\":\"https:\/\/michalhejna.cz\/blog\/#\/schema\/person\/6d1d95e2413952dd3b1ce433f4d3013c\",\"name\":\"michalhejna\",\"image\":{\"@type\":\"ImageObject\",\"inLanguage\":\"cs\",\"@id\":\"https:\/\/michalhejna.cz\/blog\/#\/schema\/person\/image\/\",\"url\":\"https:\/\/secure.gravatar.com\/avatar\/53fd5d6debe3b4e72a445ca6eb79d014d4ff11065e3c4480522ab099a9498895?s=96&d=mm&r=g\",\"contentUrl\":\"https:\/\/secure.gravatar.com\/avatar\/53fd5d6debe3b4e72a445ca6eb79d014d4ff11065e3c4480522ab099a9498895?s=96&d=mm&r=g\",\"caption\":\"michalhejna\"},\"logo\":{\"@id\":\"https:\/\/michalhejna.cz\/blog\/#\/schema\/person\/image\/\"},\"sameAs\":[\"http:\/\/michalhejna.cz\/blog\"]}]}<\/script>\n<!-- \/ Yoast SEO plugin. -->","yoast_head_json":{"title":"Contact - Michal Hejna","robots":{"index":"index","follow":"follow","max-snippet":"max-snippet:-1","max-image-preview":"max-image-preview:large","max-video-preview":"max-video-preview:-1"},"canonical":"https:\/\/michalhejna.cz\/blog\/contact\/","og_locale":"cs_CZ","og_type":"article","og_title":"Contact - Michal Hejna","og_description":"Please send me a message using the form below or directly by e-mail. Thank you! Po\u0161lete mi pros\u00edm zpr\u00e1vu skrze formul\u00e1\u0159 nebo p\u0159\u00edmo kliknut\u00edm na e-mail. D\u011bkuji! Email: hejna.michal@gmail.com","og_url":"https:\/\/michalhejna.cz\/blog\/contact\/","og_site_name":"Michal Hejna","article_modified_time":"2020-05-04T11:41:38+00:00","twitter_card":"summary_large_image","schema":{"@context":"https:\/\/schema.org","@graph":[{"@type":"WebPage","@id":"https:\/\/michalhejna.cz\/blog\/contact\/","url":"https:\/\/michalhejna.cz\/blog\/contact\/","name":"Contact - Michal Hejna","isPartOf":{"@id":"https:\/\/michalhejna.cz\/blog\/#website"},"datePublished":"2017-05-18T14:43:57+00:00","dateModified":"2020-05-04T11:41:38+00:00","breadcrumb":{"@id":"https:\/\/michalhejna.cz\/blog\/contact\/#breadcrumb"},"inLanguage":"cs","potentialAction":[{"@type":"ReadAction","target":["https:\/\/michalhejna.cz\/blog\/contact\/"]}]},{"@type":"BreadcrumbList","@id":"https:\/\/michalhejna.cz\/blog\/contact\/#breadcrumb","itemListElement":[{"@type":"ListItem","position":1,"name":"Dom\u016f","item":"https:\/\/michalhejna.cz\/blog\/"},{"@type":"ListItem","position":2,"name":"Contact"}]},{"@type":"WebSite","@id":"https:\/\/michalhejna.cz\/blog\/#website","url":"https:\/\/michalhejna.cz\/blog\/","name":"Michal Hejna","description":"","publisher":{"@id":"https:\/\/michalhejna.cz\/blog\/#\/schema\/person\/6d1d95e2413952dd3b1ce433f4d3013c"},"potentialAction":[{"@type":"SearchAction","target":{"@type":"EntryPoint","urlTemplate":"https:\/\/michalhejna.cz\/blog\/?s={search_term_string}"},"query-input":{"@type":"PropertyValueSpecification","valueRequired":true,"valueName":"search_term_string"}}],"inLanguage":"cs"},{"@type":["Person","Organization"],"@id":"https:\/\/michalhejna.cz\/blog\/#\/schema\/person\/6d1d95e2413952dd3b1ce433f4d3013c","name":"michalhejna","image":{"@type":"ImageObject","inLanguage":"cs","@id":"https:\/\/michalhejna.cz\/blog\/#\/schema\/person\/image\/","url":"https:\/\/secure.gravatar.com\/avatar\/53fd5d6debe3b4e72a445ca6eb79d014d4ff11065e3c4480522ab099a9498895?s=96&d=mm&r=g","contentUrl":"https:\/\/secure.gravatar.com\/avatar\/53fd5d6debe3b4e72a445ca6eb79d014d4ff11065e3c4480522ab099a9498895?s=96&d=mm&r=g","caption":"michalhejna"},"logo":{"@id":"https:\/\/michalhejna.cz\/blog\/#\/schema\/person\/image\/"},"sameAs":["http:\/\/michalhejna.cz\/blog"]}]}},"jetpack_sharing_enabled":true,"post_mailing_queue_ids":[],"_links":{"self":[{"href":"https:\/\/michalhejna.cz\/blog\/wp-json\/wp\/v2\/pages\/31","targetHints":{"allow":["GET"]}}],"collection":[{"href":"https:\/\/michalhejna.cz\/blog\/wp-json\/wp\/v2\/pages"}],"about":[{"href":"https:\/\/michalhejna.cz\/blog\/wp-json\/wp\/v2\/types\/page"}],"author":[{"embeddable":true,"href":"https:\/\/michalhejna.cz\/blog\/wp-json\/wp\/v2\/users\/1"}],"replies":[{"embeddable":true,"href":"https:\/\/michalhejna.cz\/blog\/wp-json\/wp\/v2\/comments?post=31"}],"version-history":[{"count":5,"href":"https:\/\/michalhejna.cz\/blog\/wp-json\/wp\/v2\/pages\/31\/revisions"}],"predecessor-version":[{"id":272,"href":"https:\/\/michalhejna.cz\/blog\/wp-json\/wp\/v2\/pages\/31\/revisions\/272"}],"wp:attachment":[{"href":"https:\/\/michalhejna.cz\/blog\/wp-json\/wp\/v2\/media?parent=31"}],"curies":[{"name":"wp","href":"https:\/\/api.w.org\/{rel}","templated":true}]}}